{"id":1904,"date":"2024-12-17T12:15:49","date_gmt":"2024-12-17T10:15:49","guid":{"rendered":"https:\/\/www.memoiresecondaire.fr\/?page_id=1904"},"modified":"2024-12-17T12:17:58","modified_gmt":"2024-12-17T10:17:58","slug":"disclaimer-llm-ia","status":"publish","type":"page","link":"https:\/\/www.memoiresecondaire.fr\/?page_id=1904","title":{"rendered":"Disclaimer LLM-IA"},"content":{"rendered":"\n<p>Je suis parfaitement conscient de l\u2019impact que ces technologies peuvent avoir sur les m\u00e9tiers de cr\u00e9ation, illustrateurs, traducteurs, ou autres. Je suis dans ce milieu depuis plus d\u2019une vingtaine d\u2019ann\u00e9e, j\u2019y ai beaucoup d\u2019amis ou de connaissance et je sais la difficult\u00e9 qu\u2019on peut avoir \u00e0 vivre de ses cr\u00e9ations.<br>Je sais aussi comment sont nourris les mod\u00e8les de donn\u00e9es, la plupart du temps sans consid\u00e9ration ni r\u00e9mun\u00e9rations pour les auteurs, et c\u2019est un probl\u00e8me grave dont il faut s\u2019occuper d\u00e8s maintenant.<br>Il faut des lois, internationales, pour encadrer la mani\u00e8re dont se nourrissent les IA, et r\u00e9mun\u00e9rer justement les artistes.<\/p>\n\n\n\n<p>Si je consid\u00e8re les IA comme un formidable outil technologique de traitement du texte, je pense qu\u2019il est parfaitement inconcevable et inhumain de laisser la cr\u00e9ation pure \u00e0 des robots.<\/p>\n\n\n\n<p>La technologie devait nous lib\u00e9rer du travail, pas de l\u2019art.<\/p>\n\n\n\n<p>Je n\u2019encourage \u00e9videmment pas le commerce de produits g\u00e9n\u00e9r\u00e9s par IA, livres ou images, voix, ou autre. C\u2019est stupide, destructeur \u00e0 beaucoup de niveaux, et ne sers que les incomp\u00e9tents et les puissants qui y voient des opportunit\u00e9s d\u2019\u00e9conomies.<\/p>\n\n\n\n<p>Les consid\u00e9rations \u00e9nerg\u00e9tiques pos\u00e9es par cette technologiques me concernent \u00e9galement.<br>Je suis \u00e9cologiste par volont\u00e9 de survivre moi-m\u00eame et de laisser un endroit pas trop sale \u00e0 mes enfants en quittant cette plan\u00e8te. Mais je crois aussi que si je peux avoir ma part \u00e0 g\u00e9rer (je fais bien pipi sous la douche, et je supprime mes emails), les 99,999% de cette \u00e9norme montagne \u00e0 gravir sont du ressort des entreprises et des politiques sur lesquels je n\u2019ai qu\u2019une prise tr\u00e8s limit\u00e9e.<\/p>\n\n\n\n<p>Une fois ceci pos\u00e9, je reste un technicien et je consid\u00e8re les LLM comme des aides technologiques capables de rendre une t\u00e2che r\u00e9p\u00e9titive extr\u00eamement triviale, exactement ce pour quoi on a invent\u00e9 ces robots !<br>Avec NotebookLM, je fais de la recherche documentaire et de l\u2019analyse de texte \u00e0 une vitesse et avec une facilit\u00e9 jamais atteinte. Perplexity me donne des r\u00e9ponses \u00e0 (presque) tout, reformate mes tableaux, transforme mes json, cr\u00e9e les snippets de code et de css dont je peux avoir parfois besoin, soigne les maladies et rappelle l\u2019\u00eatre aim\u00e9. \u00c0 part quelques tests pour en mesurer les capacit\u00e9s, je n\u2019utilise pas les GenIA d\u2019images pour mes projets.<\/p>\n\n\n\n<p>En bref, je continuerai \u00e0 utiliser les IA comme ce qu\u2019elles sont cens\u00e9es \u00eatre, des super assistantes virtuelles, tout en \u00e9tant extr\u00eamement critique sur leur usage et leur apprentissage.<\/p>\n\n\n\n<p><\/p>\n","protected":false},"excerpt":{"rendered":"<p>Je suis parfaitement conscient de l\u2019impact que ces technologies peuvent avoir sur les m\u00e9tiers de cr\u00e9ation, illustrateurs, traducteurs, ou autres. Je suis dans ce milieu depuis plus d\u2019une vingtaine d\u2019ann\u00e9e, j\u2019y ai beaucoup d\u2019amis ou de connaissance et je sais la difficult\u00e9 qu\u2019on peut avoir \u00e0 vivre de ses cr\u00e9ations.Je sais aussi comment sont nourris [&hellip;]<\/p>\n","protected":false},"author":1,"featured_media":0,"parent":0,"menu_order":0,"comment_status":"open","ping_status":"closed","template":"","meta":{"footnotes":""},"class_list":["post-1904","page","type-page","status-publish","hentry"],"_links":{"self":[{"href":"https:\/\/www.memoiresecondaire.fr\/index.php?rest_route=\/wp\/v2\/pages\/1904","targetHints":{"allow":["GET"]}}],"collection":[{"href":"https:\/\/www.memoiresecondaire.fr\/index.php?rest_route=\/wp\/v2\/pages"}],"about":[{"href":"https:\/\/www.memoiresecondaire.fr\/index.php?rest_route=\/wp\/v2\/types\/page"}],"author":[{"embeddable":true,"href":"https:\/\/www.memoiresecondaire.fr\/index.php?rest_route=\/wp\/v2\/users\/1"}],"replies":[{"embeddable":true,"href":"https:\/\/www.memoiresecondaire.fr\/index.php?rest_route=%2Fwp%2Fv2%2Fcomments&post=1904"}],"version-history":[{"count":3,"href":"https:\/\/www.memoiresecondaire.fr\/index.php?rest_route=\/wp\/v2\/pages\/1904\/revisions"}],"predecessor-version":[{"id":1907,"href":"https:\/\/www.memoiresecondaire.fr\/index.php?rest_route=\/wp\/v2\/pages\/1904\/revisions\/1907"}],"wp:attachment":[{"href":"https:\/\/www.memoiresecondaire.fr\/index.php?rest_route=%2Fwp%2Fv2%2Fmedia&parent=1904"}],"curies":[{"name":"wp","href":"https:\/\/api.w.org\/{rel}","templated":true}]}}